{"id":910,"date":"2023-01-09T17:50:41","date_gmt":"2023-01-09T17:50:41","guid":{"rendered":"https:\/\/dirkburkard.de\/?page_id=910"},"modified":"2023-04-09T17:54:52","modified_gmt":"2023-04-09T17:54:52","slug":"impressum","status":"publish","type":"page","link":"https:\/\/dirkburkard.de\/index.php\/impressum\/","title":{"rendered":"Impressum"},"content":{"rendered":"\t\t<div data-elementor-type=\"wp-page\" data-elementor-id=\"910\" class=\"elementor elementor-910\">\n\t\t\t\t\t\t<section class=\"elementor-section elementor-top-section elementor-element elementor-element-b5ebe8b elementor-section-boxed elementor-section-height-default elementor-section-height-default\" data-id=\"b5ebe8b\" data-element_type=\"section\" data-e-type=\"section\">\n\t\t\t\t\t\t<div class=\"elementor-container elementor-column-gap-default\">\n\t\t\t\t\t<div class=\"elementor-column elementor-col-50 elementor-top-column elementor-element elementor-element-64e3695\" data-id=\"64e3695\" data-element_type=\"column\" data-e-type=\"column\">\n\t\t\t<div class=\"elementor-widget-wrap elementor-element-populated\">\n\t\t\t\t\t\t<div class=\"elementor-element elementor-element-9623dc1 elementor-widget elementor-widget-spacer\" data-id=\"9623dc1\" data-element_type=\"widget\" data-e-type=\"widget\" data-widget_type=\"spacer.default\">\n\t\t\t\t<div class=\"elementor-widget-container\">\n\t\t\t\t\t\t\t<div class=\"elementor-spacer\">\n\t\t\t<div class=\"elementor-spacer-inner\"><\/div>\n\t\t<\/div>\n\t\t\t\t\t\t<\/div>\n\t\t\t\t<\/div>\n\t\t\t\t<div class=\"elementor-element elementor-element-30581ca elementor-widget elementor-widget-heading\" data-id=\"30581ca\" data-element_type=\"widget\" data-e-type=\"widget\" data-widget_type=\"heading.default\">\n\t\t\t\t<div class=\"elementor-widget-container\">\n\t\t\t\t\t<h2 class=\"elementor-heading-title elementor-size-default\"><h1>Impressum<\/h1><\/h2>\t\t\t\t<\/div>\n\t\t\t\t<\/div>\n\t\t\t\t<div class=\"elementor-element elementor-element-c73c931 elementor-widget elementor-widget-heading\" data-id=\"c73c931\" data-element_type=\"widget\" data-e-type=\"widget\" data-widget_type=\"heading.default\">\n\t\t\t\t<div class=\"elementor-widget-container\">\n\t\t\t\t\t<h2 class=\"elementor-heading-title elementor-size-default\"><h2>Inhaber<\/2><\/h2>\t\t\t\t<\/div>\n\t\t\t\t<\/div>\n\t\t\t\t<div class=\"elementor-element elementor-element-1bf3740 elementor-widget elementor-widget-text-editor\" data-id=\"1bf3740\" data-element_type=\"widget\" data-e-type=\"widget\" data-widget_type=\"text-editor.default\">\n\t\t\t\t<div class=\"elementor-widget-container\">\n\t\t\t\t\t\t\t\t\t<p>Dirk Burkard<\/p>\t\t\t\t\t\t\t\t<\/div>\n\t\t\t\t<\/div>\n\t\t\t\t<div class=\"elementor-element elementor-element-16e0d7e elementor-widget elementor-widget-heading\" data-id=\"16e0d7e\" data-element_type=\"widget\" data-e-type=\"widget\" data-widget_type=\"heading.default\">\n\t\t\t\t<div class=\"elementor-widget-container\">\n\t\t\t\t\t<h2 class=\"elementor-heading-title elementor-size-default\"><h2>Anschrift<\/h2><\/h2>\t\t\t\t<\/div>\n\t\t\t\t<\/div>\n\t\t\t\t<div class=\"elementor-element elementor-element-67c06ea elementor-widget elementor-widget-text-editor\" data-id=\"67c06ea\" data-element_type=\"widget\" data-e-type=\"widget\" data-widget_type=\"text-editor.default\">\n\t\t\t\t<div class=\"elementor-widget-container\">\n\t\t\t\t\t\t\t\t\t<p>Gr\u00fcne Meile 35<br \/>69115 Heidelberg<\/p>\t\t\t\t\t\t\t\t<\/div>\n\t\t\t\t<\/div>\n\t\t\t\t<div class=\"elementor-element elementor-element-d482895 elementor-widget elementor-widget-heading\" data-id=\"d482895\" data-element_type=\"widget\" data-e-type=\"widget\" data-widget_type=\"heading.default\">\n\t\t\t\t<div class=\"elementor-widget-container\">\n\t\t\t\t\t<h2 class=\"elementor-heading-title elementor-size-default\"><h2>Kommunikation<\/h2><\/h2>\t\t\t\t<\/div>\n\t\t\t\t<\/div>\n\t\t\t\t<div class=\"elementor-element elementor-element-3d5c150 elementor-widget elementor-widget-text-editor\" data-id=\"3d5c150\" data-element_type=\"widget\" data-e-type=\"widget\" data-widget_type=\"text-editor.default\">\n\t\t\t\t<div class=\"elementor-widget-container\">\n\t\t\t\t\t\t\t\t\t<p>Telefon: +49 162 4387016<br><span style=\"font-size: 15px;\">Internet: <\/span><a class=\" link\" href=\"https:\/\/www.dirkburkard.de\/\" style=\"font-size: 15px; background-color: rgb(255, 255, 255);\">www.dirkburkard.de<\/a><br><span style=\"font-size: 15px;\">E-Mail: <\/span><a class=\" link\" href=\"mailto:info@dirkburkard.de\" style=\"font-size: 15px; background-color: rgb(255, 255, 255);\">info@dirkburkard.de<\/a><br><span style=\"font-size: 15px;\">UStID: DE356380031<\/span><\/p>\t\t\t\t\t\t\t\t<\/div>\n\t\t\t\t<\/div>\n\t\t\t\t<div class=\"elementor-element elementor-element-fb7c094 elementor-widget elementor-widget-heading\" data-id=\"fb7c094\" data-element_type=\"widget\" data-e-type=\"widget\" data-widget_type=\"heading.default\">\n\t\t\t\t<div class=\"elementor-widget-container\">\n\t\t\t\t\t<h2 class=\"elementor-heading-title elementor-size-default\"><h2>Haftung<\/h2><\/h2>\t\t\t\t<\/div>\n\t\t\t\t<\/div>\n\t\t\t\t<div class=\"elementor-element elementor-element-5d7a018 elementor-widget elementor-widget-text-editor\" data-id=\"5d7a018\" data-element_type=\"widget\" data-e-type=\"widget\" data-widget_type=\"text-editor.default\">\n\t\t\t\t<div class=\"elementor-widget-container\">\n\t\t\t\t\t\t\t\t\t<p>Es wird keinerlei Haftung f\u00fcr die Vollst\u00e4ndigkeit und die Richtigkeit des Inhaltes dieser Homepage \u00fcbernommen. Die in dieser Homepage enthaltenen Inhalte sind ausschlie\u00dflich zur Information bestimmt, eine rechtliche Beratung wird hierdurch nicht ersetzt.<br \/>Es wird nicht f\u00fcr Sch\u00e4den gehaftet welche durch die Nutzung der dargebotenen Informationen verursacht wurden.<br \/>Trotz sorgf\u00e4ltiger inhaltlicher Kontrolle \u00fcbernehmen wir keine Haftung f\u00fcr die Inhalte externer Links. F\u00fcr den Inhalt der verlinkten Seiten sind ausschlie\u00dflich deren Betreiber verantwortlich.\u00a0<\/p><p>Information nach dem Verbraucherstreitbeilegungsgesetz<br \/>Es besteht keine Verpflichtung und keine Bereitschaft zur Teilnahme an einem Streitbeilegungsverfahren vor einer Verbraucherschlichtungsstelle.<\/p>\t\t\t\t\t\t\t\t<\/div>\n\t\t\t\t<\/div>\n\t\t\t\t<div class=\"elementor-element elementor-element-c40a963 elementor-widget elementor-widget-spacer\" data-id=\"c40a963\" data-element_type=\"widget\" data-e-type=\"widget\" data-widget_type=\"spacer.default\">\n\t\t\t\t<div class=\"elementor-widget-container\">\n\t\t\t\t\t\t\t<div class=\"elementor-spacer\">\n\t\t\t<div class=\"elementor-spacer-inner\"><\/div>\n\t\t<\/div>\n\t\t\t\t\t\t<\/div>\n\t\t\t\t<\/div>\n\t\t\t\t\t<\/div>\n\t\t<\/div>\n\t\t\t\t<div class=\"elementor-column elementor-col-50 elementor-top-column elementor-element elementor-element-596a360\" data-id=\"596a360\" data-element_type=\"column\" data-e-type=\"column\">\n\t\t\t<div class=\"elementor-widget-wrap elementor-element-populated\">\n\t\t\t\t\t\t<div class=\"elementor-element elementor-element-60afe85 elementor-widget elementor-widget-spacer\" data-id=\"60afe85\" data-element_type=\"widget\" data-e-type=\"widget\" data-widget_type=\"spacer.default\">\n\t\t\t\t<div class=\"elementor-widget-container\">\n\t\t\t\t\t\t\t<div class=\"elementor-spacer\">\n\t\t\t<div class=\"elementor-spacer-inner\"><\/div>\n\t\t<\/div>\n\t\t\t\t\t\t<\/div>\n\t\t\t\t<\/div>\n\t\t\t\t<div class=\"elementor-element elementor-element-4f64a62 elementor-widget elementor-widget-image\" data-id=\"4f64a62\" data-element_type=\"widget\" data-e-type=\"widget\" data-widget_type=\"image.default\">\n\t\t\t\t<div class=\"elementor-widget-container\">\n\t\t\t\t\t\t\t\t\t\t\t\t\t\t\t<img fetchpriority=\"high\" decoding=\"async\" width=\"658\" height=\"688\" src=\"https:\/\/dirkburkard.de\/wp-content\/uploads\/2023\/01\/Dirk_006.png\" class=\"attachment-medium_large size-medium_large wp-image-1702\" alt=\"\" srcset=\"https:\/\/dirkburkard.de\/wp-content\/uploads\/2023\/01\/Dirk_006.png 658w, https:\/\/dirkburkard.de\/wp-content\/uploads\/2023\/01\/Dirk_006-287x300.png 287w\" sizes=\"(max-width: 658px) 100vw, 658px\" \/>\t\t\t\t\t\t\t\t\t\t\t\t\t\t\t<\/div>\n\t\t\t\t<\/div>\n\t\t\t\t\t<\/div>\n\t\t<\/div>\n\t\t\t\t\t<\/div>\n\t\t<\/section>\n\t\t\t\t<section class=\"elementor-section elementor-top-section elementor-element elementor-element-afa646e elementor-section-full_width elementor-section-height-min-height elementor-section-height-default elementor-section-items-middle\" data-id=\"afa646e\" data-element_type=\"section\" data-e-type=\"section\" data-settings=\"{&quot;background_background&quot;:&quot;classic&quot;}\">\n\t\t\t\t\t\t<div class=\"elementor-container elementor-column-gap-default\">\n\t\t\t\t\t<div class=\"elementor-column elementor-col-100 elementor-top-column elementor-element elementor-element-1432b823\" data-id=\"1432b823\" data-element_type=\"column\" data-e-type=\"column\">\n\t\t\t<div class=\"elementor-widget-wrap\">\n\t\t\t\t\t\t\t<\/div>\n\t\t<\/div>\n\t\t\t\t\t<\/div>\n\t\t<\/section>\n\t\t\t\t<\/div>\n\t\t","protected":false},"excerpt":{"rendered":"<p>Impressum Inhaber&lt;\/2&gt; Dirk Burkard Anschrift Gr\u00fcne Meile 35 69115 Heidelberg Kommunikation Telefon: +49 162 4387016 Internet: www.dirkburkard.de E-Mail: info@dirkburkard.de UStID: DE356380031 Haftung Es wird keinerlei Haftung f\u00fcr die Vollst\u00e4ndigkeit und die Richtigkeit des Inhaltes dieser Homepage \u00fcbernommen. Die in dieser Homepage enthaltenen Inhalte sind ausschlie\u00dflich zur Information bestimmt, eine rechtliche Beratung wird hierdurch nicht ersetzt. [&hellip;]<\/p>\n","protected":false},"author":1,"featured_media":0,"parent":0,"menu_order":0,"comment_status":"closed","ping_status":"closed","template":"","meta":{"ocean_post_layout":"full-screen","ocean_both_sidebars_style":"","ocean_both_sidebars_content_width":0,"ocean_both_sidebars_sidebars_width":0,"ocean_sidebar":"0","ocean_second_sidebar":"0","ocean_disable_margins":"enable","ocean_add_body_class":"","ocean_shortcode_before_top_bar":"","ocean_shortcode_after_top_bar":"","ocean_shortcode_before_header":"","ocean_shortcode_after_header":"","ocean_has_shortcode":"","ocean_shortcode_after_title":"","ocean_shortcode_before_footer_widgets":"","ocean_shortcode_after_footer_widgets":"","ocean_shortcode_before_footer_bottom":"","ocean_shortcode_after_footer_bottom":"","ocean_display_top_bar":"off","ocean_display_header":"default","ocean_header_style":"","ocean_center_header_left_menu":"0","ocean_custom_header_template":"0","ocean_custom_logo":0,"ocean_custom_retina_logo":0,"ocean_custom_logo_max_width":0,"ocean_custom_logo_tablet_max_width":0,"ocean_custom_logo_mobile_max_width":0,"ocean_custom_logo_max_height":0,"ocean_custom_logo_tablet_max_height":0,"ocean_custom_logo_mobile_max_height":0,"ocean_header_custom_menu":"0","ocean_menu_typo_font_family":"0","ocean_menu_typo_font_subset":"","ocean_menu_typo_font_size":0,"ocean_menu_typo_font_size_tablet":0,"ocean_menu_typo_font_size_mobile":0,"ocean_menu_typo_font_size_unit":"px","ocean_menu_typo_font_weight":"","ocean_menu_typo_font_weight_tablet":"","ocean_menu_typo_font_weight_mobile":"","ocean_menu_typo_transform":"","ocean_menu_typo_transform_tablet":"","ocean_menu_typo_transform_mobile":"","ocean_menu_typo_line_height":0,"ocean_menu_typo_line_height_tablet":0,"ocean_menu_typo_line_height_mobile":0,"ocean_menu_typo_line_height_unit":"","ocean_menu_typo_spacing":0,"ocean_menu_typo_spacing_tablet":0,"ocean_menu_typo_spacing_mobile":0,"ocean_menu_typo_spacing_unit":"","ocean_menu_link_color":"","ocean_menu_link_color_hover":"","ocean_menu_link_color_active":"","ocean_menu_link_background":"","ocean_menu_link_hover_background":"","ocean_menu_link_active_background":"","ocean_menu_social_links_bg":"","ocean_menu_social_hover_links_bg":"","ocean_menu_social_links_color":"","ocean_menu_social_hover_links_color":"","ocean_disable_title":"on","ocean_disable_heading":"default","ocean_post_title":"","ocean_post_subheading":"","ocean_post_title_style":"","ocean_post_title_background_color":"","ocean_post_title_background":0,"ocean_post_title_bg_image_position":"","ocean_post_title_bg_image_attachment":"","ocean_post_title_bg_image_repeat":"","ocean_post_title_bg_image_size":"","ocean_post_title_height":0,"ocean_post_title_bg_overlay":0.5,"ocean_post_title_bg_overlay_color":"","ocean_disable_breadcrumbs":"default","ocean_breadcrumbs_color":"","ocean_breadcrumbs_separator_color":"","ocean_breadcrumbs_links_color":"","ocean_breadcrumbs_links_hover_color":"","ocean_display_footer_widgets":"default","ocean_display_footer_bottom":"default","ocean_custom_footer_template":"0","footnotes":""},"class_list":["post-910","page","type-page","status-publish","hentry","entry"],"yoast_head":"<!-- This site is optimized with the Yoast SEO plugin v24.9 - https:\/\/yoast.com\/wordpress\/plugins\/seo\/ -->\n<title>Impressum | Dirk Burkard Design<\/title>\n<meta name=\"description\" content=\"Sie sind auf der Suche nach einem Pr\u00e4sentationsdesigner? Egal, ob Dortmund, Schw\u00e4bisch Hall, Bonn, Leipzig oder Dresden. Ich unterst\u00fctze Sie gerne!\" \/>\n<meta name=\"robots\" content=\"index, follow, max-snippet:-1, max-image-preview:large, max-video-preview:-1\" \/>\n<link rel=\"canonical\" href=\"https:\/\/dirkburkard.de\/index.php\/impressum\/\" \/>\n<meta property=\"og:locale\" content=\"de_DE\" \/>\n<meta property=\"og:type\" content=\"article\" \/>\n<meta property=\"og:title\" content=\"Impressum | Dirk Burkard Design\" \/>\n<meta property=\"og:description\" content=\"Sie sind auf der Suche nach einem Pr\u00e4sentationsdesigner? Egal, ob Dortmund, Schw\u00e4bisch Hall, Bonn, Leipzig oder Dresden. Ich unterst\u00fctze Sie gerne!\" \/>\n<meta property=\"og:url\" content=\"https:\/\/dirkburkard.de\/index.php\/impressum\/\" \/>\n<meta property=\"og:site_name\" content=\"Dirk Burkard Design\" \/>\n<meta property=\"article:publisher\" content=\"https:\/\/www.facebook.com\/DirkBurkardDesign\" \/>\n<meta property=\"article:modified_time\" content=\"2023-04-09T17:54:52+00:00\" \/>\n<meta property=\"og:image\" content=\"https:\/\/dirkburkard.de\/wp-content\/uploads\/2023\/01\/Dirk_006.png\" \/>\n<meta name=\"twitter:card\" content=\"summary_large_image\" \/>\n<script type=\"application\/ld+json\" class=\"yoast-schema-graph\">{\"@context\":\"https:\/\/schema.org\",\"@graph\":[{\"@type\":\"WebPage\",\"@id\":\"https:\/\/dirkburkard.de\/index.php\/impressum\/\",\"url\":\"https:\/\/dirkburkard.de\/index.php\/impressum\/\",\"name\":\"Impressum | Dirk Burkard Design\",\"isPartOf\":{\"@id\":\"https:\/\/dirkburkard.de\/#website\"},\"primaryImageOfPage\":{\"@id\":\"https:\/\/dirkburkard.de\/index.php\/impressum\/#primaryimage\"},\"image\":{\"@id\":\"https:\/\/dirkburkard.de\/index.php\/impressum\/#primaryimage\"},\"thumbnailUrl\":\"https:\/\/dirkburkard.de\/wp-content\/uploads\/2023\/01\/Dirk_006.png\",\"datePublished\":\"2023-01-09T17:50:41+00:00\",\"dateModified\":\"2023-04-09T17:54:52+00:00\",\"description\":\"Sie sind auf der Suche nach einem Pr\u00e4sentationsdesigner? Egal, ob Dortmund, Schw\u00e4bisch Hall, Bonn, Leipzig oder Dresden. Ich unterst\u00fctze Sie gerne!\",\"breadcrumb\":{\"@id\":\"https:\/\/dirkburkard.de\/index.php\/impressum\/#breadcrumb\"},\"inLanguage\":\"de\",\"potentialAction\":[{\"@type\":\"ReadAction\",\"target\":[\"https:\/\/dirkburkard.de\/index.php\/impressum\/\"]}]},{\"@type\":\"ImageObject\",\"inLanguage\":\"de\",\"@id\":\"https:\/\/dirkburkard.de\/index.php\/impressum\/#primaryimage\",\"url\":\"https:\/\/dirkburkard.de\/wp-content\/uploads\/2023\/01\/Dirk_006.png\",\"contentUrl\":\"https:\/\/dirkburkard.de\/wp-content\/uploads\/2023\/01\/Dirk_006.png\",\"width\":658,\"height\":688,\"caption\":\"Ihr Spezialist f\u00fcr PowerPoint-Pr\u00e4sentationen und weitere digitale Layouts.\"},{\"@type\":\"BreadcrumbList\",\"@id\":\"https:\/\/dirkburkard.de\/index.php\/impressum\/#breadcrumb\",\"itemListElement\":[{\"@type\":\"ListItem\",\"position\":1,\"name\":\"Startseite\",\"item\":\"https:\/\/dirkburkard.de\/\"},{\"@type\":\"ListItem\",\"position\":2,\"name\":\"Impressum\"}]},{\"@type\":\"WebSite\",\"@id\":\"https:\/\/dirkburkard.de\/#website\",\"url\":\"https:\/\/dirkburkard.de\/\",\"name\":\"Dirk Burkard Design\",\"description\":\"Erstellung individueller PowerPoint-Pr\u00e4sentationen f\u00fcr Ihr Unternehmen\",\"publisher\":{\"@id\":\"https:\/\/dirkburkard.de\/#organization\"},\"alternateName\":\"Dirk Burkard Design - Ihr Spezialist f\u00fcr PowerPoint-Pr\u00e4sentationen\",\"potentialAction\":[{\"@type\":\"SearchAction\",\"target\":{\"@type\":\"EntryPoint\",\"urlTemplate\":\"https:\/\/dirkburkard.de\/?s={search_term_string}\"},\"query-input\":{\"@type\":\"PropertyValueSpecification\",\"valueRequired\":true,\"valueName\":\"search_term_string\"}}],\"inLanguage\":\"de\"},{\"@type\":\"Organization\",\"@id\":\"https:\/\/dirkburkard.de\/#organization\",\"name\":\"Dirk Burkard Design\",\"alternateName\":\"Erstellung individueller PowerPoint-Pr\u00e4sentationen f\u00fcr Ihr Unternehmen\",\"url\":\"https:\/\/dirkburkard.de\/\",\"logo\":{\"@type\":\"ImageObject\",\"inLanguage\":\"de\",\"@id\":\"https:\/\/dirkburkard.de\/#\/schema\/logo\/image\/\",\"url\":\"https:\/\/dirkburkard.de\/wp-content\/uploads\/2023\/01\/cropped-Logo_transpartent_weiss_300px.png\",\"contentUrl\":\"https:\/\/dirkburkard.de\/wp-content\/uploads\/2023\/01\/cropped-Logo_transpartent_weiss_300px.png\",\"width\":255,\"height\":82,\"caption\":\"Dirk Burkard Design\"},\"image\":{\"@id\":\"https:\/\/dirkburkard.de\/#\/schema\/logo\/image\/\"},\"sameAs\":[\"https:\/\/www.facebook.com\/DirkBurkardDesign\",\"https:\/\/www.instagram.com\/dirk_burkard_design\/\"]}]}<\/script>\n<!-- \/ Yoast SEO plugin. -->","yoast_head_json":{"title":"Impressum | Dirk Burkard Design","description":"Sie sind auf der Suche nach einem Pr\u00e4sentationsdesigner? Egal, ob Dortmund, Schw\u00e4bisch Hall, Bonn, Leipzig oder Dresden. Ich unterst\u00fctze Sie gerne!","robots":{"index":"index","follow":"follow","max-snippet":"max-snippet:-1","max-image-preview":"max-image-preview:large","max-video-preview":"max-video-preview:-1"},"canonical":"https:\/\/dirkburkard.de\/index.php\/impressum\/","og_locale":"de_DE","og_type":"article","og_title":"Impressum | Dirk Burkard Design","og_description":"Sie sind auf der Suche nach einem Pr\u00e4sentationsdesigner? Egal, ob Dortmund, Schw\u00e4bisch Hall, Bonn, Leipzig oder Dresden. Ich unterst\u00fctze Sie gerne!","og_url":"https:\/\/dirkburkard.de\/index.php\/impressum\/","og_site_name":"Dirk Burkard Design","article_publisher":"https:\/\/www.facebook.com\/DirkBurkardDesign","article_modified_time":"2023-04-09T17:54:52+00:00","og_image":[{"url":"https:\/\/dirkburkard.de\/wp-content\/uploads\/2023\/01\/Dirk_006.png","type":"","width":"","height":""}],"twitter_card":"summary_large_image","schema":{"@context":"https:\/\/schema.org","@graph":[{"@type":"WebPage","@id":"https:\/\/dirkburkard.de\/index.php\/impressum\/","url":"https:\/\/dirkburkard.de\/index.php\/impressum\/","name":"Impressum | Dirk Burkard Design","isPartOf":{"@id":"https:\/\/dirkburkard.de\/#website"},"primaryImageOfPage":{"@id":"https:\/\/dirkburkard.de\/index.php\/impressum\/#primaryimage"},"image":{"@id":"https:\/\/dirkburkard.de\/index.php\/impressum\/#primaryimage"},"thumbnailUrl":"https:\/\/dirkburkard.de\/wp-content\/uploads\/2023\/01\/Dirk_006.png","datePublished":"2023-01-09T17:50:41+00:00","dateModified":"2023-04-09T17:54:52+00:00","description":"Sie sind auf der Suche nach einem Pr\u00e4sentationsdesigner? Egal, ob Dortmund, Schw\u00e4bisch Hall, Bonn, Leipzig oder Dresden. Ich unterst\u00fctze Sie gerne!","breadcrumb":{"@id":"https:\/\/dirkburkard.de\/index.php\/impressum\/#breadcrumb"},"inLanguage":"de","potentialAction":[{"@type":"ReadAction","target":["https:\/\/dirkburkard.de\/index.php\/impressum\/"]}]},{"@type":"ImageObject","inLanguage":"de","@id":"https:\/\/dirkburkard.de\/index.php\/impressum\/#primaryimage","url":"https:\/\/dirkburkard.de\/wp-content\/uploads\/2023\/01\/Dirk_006.png","contentUrl":"https:\/\/dirkburkard.de\/wp-content\/uploads\/2023\/01\/Dirk_006.png","width":658,"height":688,"caption":"Ihr Spezialist f\u00fcr PowerPoint-Pr\u00e4sentationen und weitere digitale Layouts."},{"@type":"BreadcrumbList","@id":"https:\/\/dirkburkard.de\/index.php\/impressum\/#breadcrumb","itemListElement":[{"@type":"ListItem","position":1,"name":"Startseite","item":"https:\/\/dirkburkard.de\/"},{"@type":"ListItem","position":2,"name":"Impressum"}]},{"@type":"WebSite","@id":"https:\/\/dirkburkard.de\/#website","url":"https:\/\/dirkburkard.de\/","name":"Dirk Burkard Design","description":"Erstellung individueller PowerPoint-Pr\u00e4sentationen f\u00fcr Ihr Unternehmen","publisher":{"@id":"https:\/\/dirkburkard.de\/#organization"},"alternateName":"Dirk Burkard Design - Ihr Spezialist f\u00fcr PowerPoint-Pr\u00e4sentationen","potentialAction":[{"@type":"SearchAction","target":{"@type":"EntryPoint","urlTemplate":"https:\/\/dirkburkard.de\/?s={search_term_string}"},"query-input":{"@type":"PropertyValueSpecification","valueRequired":true,"valueName":"search_term_string"}}],"inLanguage":"de"},{"@type":"Organization","@id":"https:\/\/dirkburkard.de\/#organization","name":"Dirk Burkard Design","alternateName":"Erstellung individueller PowerPoint-Pr\u00e4sentationen f\u00fcr Ihr Unternehmen","url":"https:\/\/dirkburkard.de\/","logo":{"@type":"ImageObject","inLanguage":"de","@id":"https:\/\/dirkburkard.de\/#\/schema\/logo\/image\/","url":"https:\/\/dirkburkard.de\/wp-content\/uploads\/2023\/01\/cropped-Logo_transpartent_weiss_300px.png","contentUrl":"https:\/\/dirkburkard.de\/wp-content\/uploads\/2023\/01\/cropped-Logo_transpartent_weiss_300px.png","width":255,"height":82,"caption":"Dirk Burkard Design"},"image":{"@id":"https:\/\/dirkburkard.de\/#\/schema\/logo\/image\/"},"sameAs":["https:\/\/www.facebook.com\/DirkBurkardDesign","https:\/\/www.instagram.com\/dirk_burkard_design\/"]}]}},"_links":{"self":[{"href":"https:\/\/dirkburkard.de\/index.php\/wp-json\/wp\/v2\/pages\/910","targetHints":{"allow":["GET"]}}],"collection":[{"href":"https:\/\/dirkburkard.de\/index.php\/wp-json\/wp\/v2\/pages"}],"about":[{"href":"https:\/\/dirkburkard.de\/index.php\/wp-json\/wp\/v2\/types\/page"}],"author":[{"embeddable":true,"href":"https:\/\/dirkburkard.de\/index.php\/wp-json\/wp\/v2\/users\/1"}],"replies":[{"embeddable":true,"href":"https:\/\/dirkburkard.de\/index.php\/wp-json\/wp\/v2\/comments?post=910"}],"version-history":[{"count":35,"href":"https:\/\/dirkburkard.de\/index.php\/wp-json\/wp\/v2\/pages\/910\/revisions"}],"predecessor-version":[{"id":1803,"href":"https:\/\/dirkburkard.de\/index.php\/wp-json\/wp\/v2\/pages\/910\/revisions\/1803"}],"wp:attachment":[{"href":"https:\/\/dirkburkard.de\/index.php\/wp-json\/wp\/v2\/media?parent=910"}],"curies":[{"name":"wp","href":"https:\/\/api.w.org\/{rel}","templated":true}]}}