{"id":908,"date":"2023-01-09T17:50:09","date_gmt":"2023-01-09T17:50:09","guid":{"rendered":"https:\/\/dirkburkard.de\/?page_id=908"},"modified":"2023-01-27T08:07:43","modified_gmt":"2023-01-27T08:07:43","slug":"ihre-vorteile","status":"publish","type":"page","link":"https:\/\/dirkburkard.de\/index.php\/ihre-vorteile\/","title":{"rendered":"Ihre Vorteile"},"content":{"rendered":"\t\t<div data-elementor-type=\"wp-page\" data-elementor-id=\"908\" class=\"elementor elementor-908\">\n\t\t\t\t\t\t<section class=\"elementor-section elementor-top-section elementor-element elementor-element-c6d79ab elementor-section-boxed elementor-section-height-default elementor-section-height-default\" data-id=\"c6d79ab\" data-element_type=\"section\" data-e-type=\"section\">\n\t\t\t\t\t\t<div class=\"elementor-container elementor-column-gap-default\">\n\t\t\t\t\t<div class=\"elementor-column elementor-col-50 elementor-top-column elementor-element elementor-element-31fb3eb\" data-id=\"31fb3eb\" data-element_type=\"column\" data-e-type=\"column\">\n\t\t\t<div class=\"elementor-widget-wrap elementor-element-populated\">\n\t\t\t\t\t\t<div class=\"elementor-element elementor-element-f8da1eb elementor-widget elementor-widget-spacer\" data-id=\"f8da1eb\" data-element_type=\"widget\" data-e-type=\"widget\" data-widget_type=\"spacer.default\">\n\t\t\t\t<div class=\"elementor-widget-container\">\n\t\t\t\t\t\t\t<div class=\"elementor-spacer\">\n\t\t\t<div class=\"elementor-spacer-inner\"><\/div>\n\t\t<\/div>\n\t\t\t\t\t\t<\/div>\n\t\t\t\t<\/div>\n\t\t\t\t<div class=\"elementor-element elementor-element-7a0f36c elementor-widget elementor-widget-heading\" data-id=\"7a0f36c\" data-element_type=\"widget\" data-e-type=\"widget\" data-widget_type=\"heading.default\">\n\t\t\t\t<div class=\"elementor-widget-container\">\n\t\t\t\t\t<h2 class=\"elementor-heading-title elementor-size-default\"><h1>Ihre Vorteile<\/h1><\/h2>\t\t\t\t<\/div>\n\t\t\t\t<\/div>\n\t\t\t\t<section class=\"elementor-section elementor-inner-section elementor-element elementor-element-10de9ba elementor-section-boxed elementor-section-height-default elementor-section-height-default\" data-id=\"10de9ba\" data-element_type=\"section\" data-e-type=\"section\">\n\t\t\t\t\t\t<div class=\"elementor-container elementor-column-gap-default\">\n\t\t\t\t\t<div class=\"elementor-column elementor-col-100 elementor-inner-column elementor-element elementor-element-f1e7364\" data-id=\"f1e7364\" data-element_type=\"column\" data-e-type=\"column\">\n\t\t\t<div class=\"elementor-widget-wrap elementor-element-populated\">\n\t\t\t\t\t\t<div class=\"elementor-element elementor-element-4f3da2e elementor-widget elementor-widget-heading\" data-id=\"4f3da2e\" data-element_type=\"widget\" data-e-type=\"widget\" data-widget_type=\"heading.default\">\n\t\t\t\t<div class=\"elementor-widget-container\">\n\t\t\t\t\t<h2 class=\"elementor-heading-title elementor-size-default\"><h2>Schnell &amp; zuverl\u00e4ssig<\/h2><\/h2>\t\t\t\t<\/div>\n\t\t\t\t<\/div>\n\t\t\t\t<div class=\"elementor-element elementor-element-85344e2 elementor-widget elementor-widget-text-editor\" data-id=\"85344e2\" data-element_type=\"widget\" data-e-type=\"widget\" data-widget_type=\"text-editor.default\">\n\t\t\t\t<div class=\"elementor-widget-container\">\n\t\t\t\t\t\t\t\t\t<p>Ihren Auftrag erledige ich mit h\u00f6chster Sorgfalt,\u00a0<span style=\"font-size: 15px;\">in der Regel innerhalb von 4\u20135 Werktagen.<\/span><\/p>\t\t\t\t\t\t\t\t<\/div>\n\t\t\t\t<\/div>\n\t\t\t\t\t<\/div>\n\t\t<\/div>\n\t\t\t\t\t<\/div>\n\t\t<\/section>\n\t\t\t\t<section class=\"elementor-section elementor-inner-section elementor-element elementor-element-04205df elementor-section-boxed elementor-section-height-default elementor-section-height-default\" data-id=\"04205df\" data-element_type=\"section\" data-e-type=\"section\">\n\t\t\t\t\t\t<div class=\"elementor-container elementor-column-gap-default\">\n\t\t\t\t\t<div class=\"elementor-column elementor-col-100 elementor-inner-column elementor-element elementor-element-ecffc1a\" data-id=\"ecffc1a\" data-element_type=\"column\" data-e-type=\"column\">\n\t\t\t<div class=\"elementor-widget-wrap elementor-element-populated\">\n\t\t\t\t\t\t<div class=\"elementor-element elementor-element-badaea0 elementor-widget elementor-widget-heading\" data-id=\"badaea0\" data-element_type=\"widget\" data-e-type=\"widget\" data-widget_type=\"heading.default\">\n\t\t\t\t<div class=\"elementor-widget-container\">\n\t\t\t\t\t<h2 class=\"elementor-heading-title elementor-size-default\"><h2>Professionelles Layout<\/h2><\/h2>\t\t\t\t<\/div>\n\t\t\t\t<\/div>\n\t\t\t\t<div class=\"elementor-element elementor-element-6c81bf8 elementor-widget elementor-widget-text-editor\" data-id=\"6c81bf8\" data-element_type=\"widget\" data-e-type=\"widget\" data-widget_type=\"text-editor.default\">\n\t\t\t\t<div class=\"elementor-widget-container\">\n\t\t\t\t\t\t\t\t\t<p>Ich erstelle Ihnen eine professionelle, optisch ansprechendePr\u00e4sentation ohne \u00fcberladenen Schnick Schnack.<\/p>\t\t\t\t\t\t\t\t<\/div>\n\t\t\t\t<\/div>\n\t\t\t\t\t<\/div>\n\t\t<\/div>\n\t\t\t\t\t<\/div>\n\t\t<\/section>\n\t\t\t\t<section class=\"elementor-section elementor-inner-section elementor-element elementor-element-0e059c4 elementor-section-boxed elementor-section-height-default elementor-section-height-default\" data-id=\"0e059c4\" data-element_type=\"section\" data-e-type=\"section\">\n\t\t\t\t\t\t<div class=\"elementor-container elementor-column-gap-default\">\n\t\t\t\t\t<div class=\"elementor-column elementor-col-100 elementor-inner-column elementor-element elementor-element-f6ef3d7\" data-id=\"f6ef3d7\" data-element_type=\"column\" data-e-type=\"column\">\n\t\t\t<div class=\"elementor-widget-wrap elementor-element-populated\">\n\t\t\t\t\t\t<div class=\"elementor-element elementor-element-bb5f574 elementor-widget elementor-widget-heading\" data-id=\"bb5f574\" data-element_type=\"widget\" data-e-type=\"widget\" data-widget_type=\"heading.default\">\n\t\t\t\t<div class=\"elementor-widget-container\">\n\t\t\t\t\t<h2 class=\"elementor-heading-title elementor-size-default\"><h2>Individuelle Pr\u00e4sentation<\/h2><\/h2>\t\t\t\t<\/div>\n\t\t\t\t<\/div>\n\t\t\t\t<div class=\"elementor-element elementor-element-22b2274 elementor-widget elementor-widget-text-editor\" data-id=\"22b2274\" data-element_type=\"widget\" data-e-type=\"widget\" data-widget_type=\"text-editor.default\">\n\t\t\t\t<div class=\"elementor-widget-container\">\n\t\t\t\t\t\t\t\t\t<p>Gemeinsam mit Ihnen gestalte ich eine f\u00fcr Sie individuelle Pr\u00e4sentation, welche voll Ihren W\u00fcnschen und Erwartungen entspricht.<\/p>\t\t\t\t\t\t\t\t<\/div>\n\t\t\t\t<\/div>\n\t\t\t\t\t<\/div>\n\t\t<\/div>\n\t\t\t\t\t<\/div>\n\t\t<\/section>\n\t\t\t\t<section class=\"elementor-section elementor-inner-section elementor-element elementor-element-2b329f5 elementor-section-boxed elementor-section-height-default elementor-section-height-default\" data-id=\"2b329f5\" data-element_type=\"section\" data-e-type=\"section\">\n\t\t\t\t\t\t<div class=\"elementor-container elementor-column-gap-default\">\n\t\t\t\t\t<div class=\"elementor-column elementor-col-100 elementor-inner-column elementor-element elementor-element-9c32738\" data-id=\"9c32738\" data-element_type=\"column\" data-e-type=\"column\">\n\t\t\t<div class=\"elementor-widget-wrap elementor-element-populated\">\n\t\t\t\t\t\t<div class=\"elementor-element elementor-element-bcd57c6 elementor-widget elementor-widget-heading\" data-id=\"bcd57c6\" data-element_type=\"widget\" data-e-type=\"widget\" data-widget_type=\"heading.default\">\n\t\t\t\t<div class=\"elementor-widget-container\">\n\t\t\t\t\t<h2 class=\"elementor-heading-title elementor-size-default\"><h2>Kosteng\u00fcnstig<\/h2><\/h2>\t\t\t\t<\/div>\n\t\t\t\t<\/div>\n\t\t\t\t<div class=\"elementor-element elementor-element-ece823a elementor-widget elementor-widget-text-editor\" data-id=\"ece823a\" data-element_type=\"widget\" data-e-type=\"widget\" data-widget_type=\"text-editor.default\">\n\t\t\t\t<div class=\"elementor-widget-container\">\n\t\t\t\t\t\t\t\t\t<p>Durch routinierte Erfahrung in der Regel g\u00fcnstiger als Eigenproduktion.<\/p>\t\t\t\t\t\t\t\t<\/div>\n\t\t\t\t<\/div>\n\t\t\t\t\t<\/div>\n\t\t<\/div>\n\t\t\t\t\t<\/div>\n\t\t<\/section>\n\t\t\t\t<div class=\"elementor-element elementor-element-012899a elementor-widget elementor-widget-spacer\" data-id=\"012899a\" data-element_type=\"widget\" data-e-type=\"widget\" data-widget_type=\"spacer.default\">\n\t\t\t\t<div class=\"elementor-widget-container\">\n\t\t\t\t\t\t\t<div class=\"elementor-spacer\">\n\t\t\t<div class=\"elementor-spacer-inner\"><\/div>\n\t\t<\/div>\n\t\t\t\t\t\t<\/div>\n\t\t\t\t<\/div>\n\t\t\t\t\t<\/div>\n\t\t<\/div>\n\t\t\t\t<div class=\"elementor-column elementor-col-50 elementor-top-column elementor-element elementor-element-ffc2c92\" data-id=\"ffc2c92\" data-element_type=\"column\" data-e-type=\"column\">\n\t\t\t<div class=\"elementor-widget-wrap elementor-element-populated\">\n\t\t\t\t\t\t<div class=\"elementor-element elementor-element-2656a3f elementor-widget elementor-widget-spacer\" data-id=\"2656a3f\" data-element_type=\"widget\" data-e-type=\"widget\" data-widget_type=\"spacer.default\">\n\t\t\t\t<div class=\"elementor-widget-container\">\n\t\t\t\t\t\t\t<div class=\"elementor-spacer\">\n\t\t\t<div class=\"elementor-spacer-inner\"><\/div>\n\t\t<\/div>\n\t\t\t\t\t\t<\/div>\n\t\t\t\t<\/div>\n\t\t\t\t<div class=\"elementor-element elementor-element-bb2efc7 elementor-widget elementor-widget-image\" data-id=\"bb2efc7\" data-element_type=\"widget\" data-e-type=\"widget\" data-widget_type=\"image.default\">\n\t\t\t\t<div class=\"elementor-widget-container\">\n\t\t\t\t\t\t\t\t\t\t\t\t\t\t\t<img fetchpriority=\"high\" decoding=\"async\" width=\"708\" height=\"652\" src=\"https:\/\/dirkburkard.de\/wp-content\/uploads\/2023\/01\/Dirk_003.png\" class=\"attachment-medium_large size-medium_large wp-image-1691\" alt=\"\" srcset=\"https:\/\/dirkburkard.de\/wp-content\/uploads\/2023\/01\/Dirk_003.png 708w, https:\/\/dirkburkard.de\/wp-content\/uploads\/2023\/01\/Dirk_003-300x276.png 300w\" sizes=\"(max-width: 708px) 100vw, 708px\" \/>\t\t\t\t\t\t\t\t\t\t\t\t\t\t\t<\/div>\n\t\t\t\t<\/div>\n\t\t\t\t<div class=\"elementor-element elementor-element-8c6396a elementor-widget elementor-widget-spacer\" data-id=\"8c6396a\" data-element_type=\"widget\" data-e-type=\"widget\" data-widget_type=\"spacer.default\">\n\t\t\t\t<div class=\"elementor-widget-container\">\n\t\t\t\t\t\t\t<div class=\"elementor-spacer\">\n\t\t\t<div class=\"elementor-spacer-inner\"><\/div>\n\t\t<\/div>\n\t\t\t\t\t\t<\/div>\n\t\t\t\t<\/div>\n\t\t\t\t\t<\/div>\n\t\t<\/div>\n\t\t\t\t\t<\/div>\n\t\t<\/section>\n\t\t\t\t<section class=\"elementor-section elementor-top-section elementor-element elementor-element-2359d654 elementor-section-full_width elementor-section-height-min-height elementor-section-height-default elementor-section-items-middle\" data-id=\"2359d654\" data-element_type=\"section\" data-e-type=\"section\" data-settings=\"{&quot;background_background&quot;:&quot;classic&quot;}\">\n\t\t\t\t\t\t<div class=\"elementor-container elementor-column-gap-default\">\n\t\t\t\t\t<div class=\"elementor-column elementor-col-100 elementor-top-column elementor-element elementor-element-abd4e56\" data-id=\"abd4e56\" data-element_type=\"column\" data-e-type=\"column\">\n\t\t\t<div class=\"elementor-widget-wrap\">\n\t\t\t\t\t\t\t<\/div>\n\t\t<\/div>\n\t\t\t\t\t<\/div>\n\t\t<\/section>\n\t\t\t\t<\/div>\n\t\t","protected":false},"excerpt":{"rendered":"<p>Ihre Vorteile Schnell &#038; zuverl\u00e4ssig Ihren Auftrag erledige ich mit h\u00f6chster Sorgfalt,\u00a0in der Regel innerhalb von 4\u20135 Werktagen. Professionelles Layout Ich erstelle Ihnen eine professionelle, optisch ansprechendePr\u00e4sentation ohne \u00fcberladenen Schnick Schnack. Individuelle Pr\u00e4sentation Gemeinsam mit Ihnen gestalte ich eine f\u00fcr Sie individuelle Pr\u00e4sentation, welche voll Ihren W\u00fcnschen und Erwartungen entspricht. Kosteng\u00fcnstig Durch routinierte Erfahrung in [&hellip;]<\/p>\n","protected":false},"author":1,"featured_media":0,"parent":0,"menu_order":0,"comment_status":"closed","ping_status":"closed","template":"","meta":{"ocean_post_layout":"full-screen","ocean_both_sidebars_style":"","ocean_both_sidebars_content_width":0,"ocean_both_sidebars_sidebars_width":0,"ocean_sidebar":"0","ocean_second_sidebar":"0","ocean_disable_margins":"enable","ocean_add_body_class":"","ocean_shortcode_before_top_bar":"","ocean_shortcode_after_top_bar":"","ocean_shortcode_before_header":"","ocean_shortcode_after_header":"","ocean_has_shortcode":"","ocean_shortcode_after_title":"","ocean_shortcode_before_footer_widgets":"","ocean_shortcode_after_footer_widgets":"","ocean_shortcode_before_footer_bottom":"","ocean_shortcode_after_footer_bottom":"","ocean_display_top_bar":"off","ocean_display_header":"default","ocean_header_style":"","ocean_center_header_left_menu":"0","ocean_custom_header_template":"0","ocean_custom_logo":0,"ocean_custom_retina_logo":0,"ocean_custom_logo_max_width":0,"ocean_custom_logo_tablet_max_width":0,"ocean_custom_logo_mobile_max_width":0,"ocean_custom_logo_max_height":0,"ocean_custom_logo_tablet_max_height":0,"ocean_custom_logo_mobile_max_height":0,"ocean_header_custom_menu":"0","ocean_menu_typo_font_family":"0","ocean_menu_typo_font_subset":"","ocean_menu_typo_font_size":0,"ocean_menu_typo_font_size_tablet":0,"ocean_menu_typo_font_size_mobile":0,"ocean_menu_typo_font_size_unit":"px","ocean_menu_typo_font_weight":"","ocean_menu_typo_font_weight_tablet":"","ocean_menu_typo_font_weight_mobile":"","ocean_menu_typo_transform":"","ocean_menu_typo_transform_tablet":"","ocean_menu_typo_transform_mobile":"","ocean_menu_typo_line_height":0,"ocean_menu_typo_line_height_tablet":0,"ocean_menu_typo_line_height_mobile":0,"ocean_menu_typo_line_height_unit":"","ocean_menu_typo_spacing":0,"ocean_menu_typo_spacing_tablet":0,"ocean_menu_typo_spacing_mobile":0,"ocean_menu_typo_spacing_unit":"","ocean_menu_link_color":"","ocean_menu_link_color_hover":"","ocean_menu_link_color_active":"","ocean_menu_link_background":"","ocean_menu_link_hover_background":"","ocean_menu_link_active_background":"","ocean_menu_social_links_bg":"","ocean_menu_social_hover_links_bg":"","ocean_menu_social_links_color":"","ocean_menu_social_hover_links_color":"","ocean_disable_title":"on","ocean_disable_heading":"default","ocean_post_title":"","ocean_post_subheading":"","ocean_post_title_style":"","ocean_post_title_background_color":"","ocean_post_title_background":0,"ocean_post_title_bg_image_position":"","ocean_post_title_bg_image_attachment":"","ocean_post_title_bg_image_repeat":"","ocean_post_title_bg_image_size":"","ocean_post_title_height":0,"ocean_post_title_bg_overlay":0.5,"ocean_post_title_bg_overlay_color":"","ocean_disable_breadcrumbs":"default","ocean_breadcrumbs_color":"","ocean_breadcrumbs_separator_color":"","ocean_breadcrumbs_links_color":"","ocean_breadcrumbs_links_hover_color":"","ocean_display_footer_widgets":"default","ocean_display_footer_bottom":"default","ocean_custom_footer_template":"0","footnotes":""},"class_list":["post-908","page","type-page","status-publish","hentry","entry"],"yoast_head":"<!-- This site is optimized with the Yoast SEO plugin v24.9 - https:\/\/yoast.com\/wordpress\/plugins\/seo\/ -->\n<title>Ihre Vorteile | Dirk Burkard Design<\/title>\n<meta name=\"robots\" content=\"index, follow, max-snippet:-1, max-image-preview:large, max-video-preview:-1\" \/>\n<link rel=\"canonical\" href=\"https:\/\/dirkburkard.de\/index.php\/ihre-vorteile\/\" \/>\n<meta property=\"og:locale\" content=\"de_DE\" \/>\n<meta property=\"og:type\" content=\"article\" \/>\n<meta property=\"og:title\" content=\"Ihre Vorteile | Dirk Burkard Design\" \/>\n<meta property=\"og:description\" content=\"Ihre Vorteile Schnell &#038; zuverl\u00e4ssig Ihren Auftrag erledige ich mit h\u00f6chster Sorgfalt,\u00a0in der Regel innerhalb von 4\u20135 Werktagen. Professionelles Layout Ich erstelle Ihnen eine professionelle, optisch ansprechendePr\u00e4sentation ohne \u00fcberladenen Schnick Schnack. Individuelle Pr\u00e4sentation Gemeinsam mit Ihnen gestalte ich eine f\u00fcr Sie individuelle Pr\u00e4sentation, welche voll Ihren W\u00fcnschen und Erwartungen entspricht. Kosteng\u00fcnstig Durch routinierte Erfahrung in [&hellip;]\" \/>\n<meta property=\"og:url\" content=\"https:\/\/dirkburkard.de\/index.php\/ihre-vorteile\/\" \/>\n<meta property=\"og:site_name\" content=\"Dirk Burkard Design\" \/>\n<meta property=\"article:publisher\" content=\"https:\/\/www.facebook.com\/DirkBurkardDesign\" \/>\n<meta property=\"article:modified_time\" content=\"2023-01-27T08:07:43+00:00\" \/>\n<meta property=\"og:image\" content=\"https:\/\/dirkburkard.de\/wp-content\/uploads\/2023\/01\/Dirk_003.png\" \/>\n<meta name=\"twitter:card\" content=\"summary_large_image\" \/>\n<script type=\"application\/ld+json\" class=\"yoast-schema-graph\">{\"@context\":\"https:\/\/schema.org\",\"@graph\":[{\"@type\":\"WebPage\",\"@id\":\"https:\/\/dirkburkard.de\/index.php\/ihre-vorteile\/\",\"url\":\"https:\/\/dirkburkard.de\/index.php\/ihre-vorteile\/\",\"name\":\"Ihre Vorteile | Dirk Burkard Design\",\"isPartOf\":{\"@id\":\"https:\/\/dirkburkard.de\/#website\"},\"primaryImageOfPage\":{\"@id\":\"https:\/\/dirkburkard.de\/index.php\/ihre-vorteile\/#primaryimage\"},\"image\":{\"@id\":\"https:\/\/dirkburkard.de\/index.php\/ihre-vorteile\/#primaryimage\"},\"thumbnailUrl\":\"https:\/\/dirkburkard.de\/wp-content\/uploads\/2023\/01\/Dirk_003.png\",\"datePublished\":\"2023-01-09T17:50:09+00:00\",\"dateModified\":\"2023-01-27T08:07:43+00:00\",\"breadcrumb\":{\"@id\":\"https:\/\/dirkburkard.de\/index.php\/ihre-vorteile\/#breadcrumb\"},\"inLanguage\":\"de\",\"potentialAction\":[{\"@type\":\"ReadAction\",\"target\":[\"https:\/\/dirkburkard.de\/index.php\/ihre-vorteile\/\"]}]},{\"@type\":\"ImageObject\",\"inLanguage\":\"de\",\"@id\":\"https:\/\/dirkburkard.de\/index.php\/ihre-vorteile\/#primaryimage\",\"url\":\"https:\/\/dirkburkard.de\/wp-content\/uploads\/2023\/01\/Dirk_003.png\",\"contentUrl\":\"https:\/\/dirkburkard.de\/wp-content\/uploads\/2023\/01\/Dirk_003.png\",\"width\":708,\"height\":652,\"caption\":\"Ihr Spezialist f\u00fcr PowerPoint-Pr\u00e4sentationen und weitere digitale Layouts.\"},{\"@type\":\"BreadcrumbList\",\"@id\":\"https:\/\/dirkburkard.de\/index.php\/ihre-vorteile\/#breadcrumb\",\"itemListElement\":[{\"@type\":\"ListItem\",\"position\":1,\"name\":\"Startseite\",\"item\":\"https:\/\/dirkburkard.de\/\"},{\"@type\":\"ListItem\",\"position\":2,\"name\":\"Ihre Vorteile\"}]},{\"@type\":\"WebSite\",\"@id\":\"https:\/\/dirkburkard.de\/#website\",\"url\":\"https:\/\/dirkburkard.de\/\",\"name\":\"Dirk Burkard Design\",\"description\":\"Erstellung individueller PowerPoint-Pr\u00e4sentationen f\u00fcr Ihr Unternehmen\",\"publisher\":{\"@id\":\"https:\/\/dirkburkard.de\/#organization\"},\"alternateName\":\"Dirk Burkard Design - Ihr Spezialist f\u00fcr PowerPoint-Pr\u00e4sentationen\",\"potentialAction\":[{\"@type\":\"SearchAction\",\"target\":{\"@type\":\"EntryPoint\",\"urlTemplate\":\"https:\/\/dirkburkard.de\/?s={search_term_string}\"},\"query-input\":{\"@type\":\"PropertyValueSpecification\",\"valueRequired\":true,\"valueName\":\"search_term_string\"}}],\"inLanguage\":\"de\"},{\"@type\":\"Organization\",\"@id\":\"https:\/\/dirkburkard.de\/#organization\",\"name\":\"Dirk Burkard Design\",\"alternateName\":\"Erstellung individueller PowerPoint-Pr\u00e4sentationen f\u00fcr Ihr Unternehmen\",\"url\":\"https:\/\/dirkburkard.de\/\",\"logo\":{\"@type\":\"ImageObject\",\"inLanguage\":\"de\",\"@id\":\"https:\/\/dirkburkard.de\/#\/schema\/logo\/image\/\",\"url\":\"https:\/\/dirkburkard.de\/wp-content\/uploads\/2023\/01\/cropped-Logo_transpartent_weiss_300px.png\",\"contentUrl\":\"https:\/\/dirkburkard.de\/wp-content\/uploads\/2023\/01\/cropped-Logo_transpartent_weiss_300px.png\",\"width\":255,\"height\":82,\"caption\":\"Dirk Burkard Design\"},\"image\":{\"@id\":\"https:\/\/dirkburkard.de\/#\/schema\/logo\/image\/\"},\"sameAs\":[\"https:\/\/www.facebook.com\/DirkBurkardDesign\",\"https:\/\/www.instagram.com\/dirk_burkard_design\/\"]}]}<\/script>\n<!-- \/ Yoast SEO plugin. -->","yoast_head_json":{"title":"Ihre Vorteile | Dirk Burkard Design","robots":{"index":"index","follow":"follow","max-snippet":"max-snippet:-1","max-image-preview":"max-image-preview:large","max-video-preview":"max-video-preview:-1"},"canonical":"https:\/\/dirkburkard.de\/index.php\/ihre-vorteile\/","og_locale":"de_DE","og_type":"article","og_title":"Ihre Vorteile | Dirk Burkard Design","og_description":"Ihre Vorteile Schnell &#038; zuverl\u00e4ssig Ihren Auftrag erledige ich mit h\u00f6chster Sorgfalt,\u00a0in der Regel innerhalb von 4\u20135 Werktagen. Professionelles Layout Ich erstelle Ihnen eine professionelle, optisch ansprechendePr\u00e4sentation ohne \u00fcberladenen Schnick Schnack. Individuelle Pr\u00e4sentation Gemeinsam mit Ihnen gestalte ich eine f\u00fcr Sie individuelle Pr\u00e4sentation, welche voll Ihren W\u00fcnschen und Erwartungen entspricht. Kosteng\u00fcnstig Durch routinierte Erfahrung in [&hellip;]","og_url":"https:\/\/dirkburkard.de\/index.php\/ihre-vorteile\/","og_site_name":"Dirk Burkard Design","article_publisher":"https:\/\/www.facebook.com\/DirkBurkardDesign","article_modified_time":"2023-01-27T08:07:43+00:00","og_image":[{"url":"https:\/\/dirkburkard.de\/wp-content\/uploads\/2023\/01\/Dirk_003.png","type":"","width":"","height":""}],"twitter_card":"summary_large_image","schema":{"@context":"https:\/\/schema.org","@graph":[{"@type":"WebPage","@id":"https:\/\/dirkburkard.de\/index.php\/ihre-vorteile\/","url":"https:\/\/dirkburkard.de\/index.php\/ihre-vorteile\/","name":"Ihre Vorteile | Dirk Burkard Design","isPartOf":{"@id":"https:\/\/dirkburkard.de\/#website"},"primaryImageOfPage":{"@id":"https:\/\/dirkburkard.de\/index.php\/ihre-vorteile\/#primaryimage"},"image":{"@id":"https:\/\/dirkburkard.de\/index.php\/ihre-vorteile\/#primaryimage"},"thumbnailUrl":"https:\/\/dirkburkard.de\/wp-content\/uploads\/2023\/01\/Dirk_003.png","datePublished":"2023-01-09T17:50:09+00:00","dateModified":"2023-01-27T08:07:43+00:00","breadcrumb":{"@id":"https:\/\/dirkburkard.de\/index.php\/ihre-vorteile\/#breadcrumb"},"inLanguage":"de","potentialAction":[{"@type":"ReadAction","target":["https:\/\/dirkburkard.de\/index.php\/ihre-vorteile\/"]}]},{"@type":"ImageObject","inLanguage":"de","@id":"https:\/\/dirkburkard.de\/index.php\/ihre-vorteile\/#primaryimage","url":"https:\/\/dirkburkard.de\/wp-content\/uploads\/2023\/01\/Dirk_003.png","contentUrl":"https:\/\/dirkburkard.de\/wp-content\/uploads\/2023\/01\/Dirk_003.png","width":708,"height":652,"caption":"Ihr Spezialist f\u00fcr PowerPoint-Pr\u00e4sentationen und weitere digitale Layouts."},{"@type":"BreadcrumbList","@id":"https:\/\/dirkburkard.de\/index.php\/ihre-vorteile\/#breadcrumb","itemListElement":[{"@type":"ListItem","position":1,"name":"Startseite","item":"https:\/\/dirkburkard.de\/"},{"@type":"ListItem","position":2,"name":"Ihre Vorteile"}]},{"@type":"WebSite","@id":"https:\/\/dirkburkard.de\/#website","url":"https:\/\/dirkburkard.de\/","name":"Dirk Burkard Design","description":"Erstellung individueller PowerPoint-Pr\u00e4sentationen f\u00fcr Ihr Unternehmen","publisher":{"@id":"https:\/\/dirkburkard.de\/#organization"},"alternateName":"Dirk Burkard Design - Ihr Spezialist f\u00fcr PowerPoint-Pr\u00e4sentationen","potentialAction":[{"@type":"SearchAction","target":{"@type":"EntryPoint","urlTemplate":"https:\/\/dirkburkard.de\/?s={search_term_string}"},"query-input":{"@type":"PropertyValueSpecification","valueRequired":true,"valueName":"search_term_string"}}],"inLanguage":"de"},{"@type":"Organization","@id":"https:\/\/dirkburkard.de\/#organization","name":"Dirk Burkard Design","alternateName":"Erstellung individueller PowerPoint-Pr\u00e4sentationen f\u00fcr Ihr Unternehmen","url":"https:\/\/dirkburkard.de\/","logo":{"@type":"ImageObject","inLanguage":"de","@id":"https:\/\/dirkburkard.de\/#\/schema\/logo\/image\/","url":"https:\/\/dirkburkard.de\/wp-content\/uploads\/2023\/01\/cropped-Logo_transpartent_weiss_300px.png","contentUrl":"https:\/\/dirkburkard.de\/wp-content\/uploads\/2023\/01\/cropped-Logo_transpartent_weiss_300px.png","width":255,"height":82,"caption":"Dirk Burkard Design"},"image":{"@id":"https:\/\/dirkburkard.de\/#\/schema\/logo\/image\/"},"sameAs":["https:\/\/www.facebook.com\/DirkBurkardDesign","https:\/\/www.instagram.com\/dirk_burkard_design\/"]}]}},"_links":{"self":[{"href":"https:\/\/dirkburkard.de\/index.php\/wp-json\/wp\/v2\/pages\/908","targetHints":{"allow":["GET"]}}],"collection":[{"href":"https:\/\/dirkburkard.de\/index.php\/wp-json\/wp\/v2\/pages"}],"about":[{"href":"https:\/\/dirkburkard.de\/index.php\/wp-json\/wp\/v2\/types\/page"}],"author":[{"embeddable":true,"href":"https:\/\/dirkburkard.de\/index.php\/wp-json\/wp\/v2\/users\/1"}],"replies":[{"embeddable":true,"href":"https:\/\/dirkburkard.de\/index.php\/wp-json\/wp\/v2\/comments?post=908"}],"version-history":[{"count":76,"href":"https:\/\/dirkburkard.de\/index.php\/wp-json\/wp\/v2\/pages\/908\/revisions"}],"predecessor-version":[{"id":1719,"href":"https:\/\/dirkburkard.de\/index.php\/wp-json\/wp\/v2\/pages\/908\/revisions\/1719"}],"wp:attachment":[{"href":"https:\/\/dirkburkard.de\/index.php\/wp-json\/wp\/v2\/media?parent=908"}],"curies":[{"name":"wp","href":"https:\/\/api.w.org\/{rel}","templated":true}]}}