{"id":904,"date":"2023-01-09T17:45:20","date_gmt":"2023-01-09T17:45:20","guid":{"rendered":"https:\/\/dirkburkard.de\/?page_id=904"},"modified":"2023-04-09T17:50:51","modified_gmt":"2023-04-09T17:50:51","slug":"kontakt","status":"publish","type":"page","link":"https:\/\/dirkburkard.de\/index.php\/kontakt\/","title":{"rendered":"Kontakt"},"content":{"rendered":"\t\t<div data-elementor-type=\"wp-page\" data-elementor-id=\"904\" class=\"elementor elementor-904\">\n\t\t\t\t\t\t<section class=\"elementor-section elementor-top-section elementor-element elementor-element-d2ed7f3 elementor-section-boxed elementor-section-height-default elementor-section-height-default\" data-id=\"d2ed7f3\" data-element_type=\"section\" data-e-type=\"section\">\n\t\t\t\t\t\t<div class=\"elementor-container elementor-column-gap-default\">\n\t\t\t\t\t<div class=\"elementor-column elementor-col-50 elementor-top-column elementor-element elementor-element-cb884cc\" data-id=\"cb884cc\" data-element_type=\"column\" data-e-type=\"column\">\n\t\t\t<div class=\"elementor-widget-wrap elementor-element-populated\">\n\t\t\t\t\t\t<div class=\"elementor-element elementor-element-15b29d3 elementor-widget elementor-widget-spacer\" data-id=\"15b29d3\" data-element_type=\"widget\" data-e-type=\"widget\" data-widget_type=\"spacer.default\">\n\t\t\t\t<div class=\"elementor-widget-container\">\n\t\t\t\t\t\t\t<div class=\"elementor-spacer\">\n\t\t\t<div class=\"elementor-spacer-inner\"><\/div>\n\t\t<\/div>\n\t\t\t\t\t\t<\/div>\n\t\t\t\t<\/div>\n\t\t\t\t<div class=\"elementor-element elementor-element-14c3f13 elementor-widget elementor-widget-heading\" data-id=\"14c3f13\" data-element_type=\"widget\" data-e-type=\"widget\" data-widget_type=\"heading.default\">\n\t\t\t\t<div class=\"elementor-widget-container\">\n\t\t\t\t\t<h2 class=\"elementor-heading-title elementor-size-default\"><h1>Kontakt<\/h1><\/h2>\t\t\t\t<\/div>\n\t\t\t\t<\/div>\n\t\t\t\t<div class=\"elementor-element elementor-element-c16f84c elementor-widget elementor-widget-text-editor\" data-id=\"c16f84c\" data-element_type=\"widget\" data-e-type=\"widget\" data-widget_type=\"text-editor.default\">\n\t\t\t\t<div class=\"elementor-widget-container\">\n\t\t\t\t\t\t\t\t\t<p><span style=\"font-size: 15px;\"><b>Dirk Burkard<br><\/b><\/span><span style=\"font-size: 15px;\">info@dirkburkard.de<br><\/span><span style=\"font-size: 15px;\">+49 162 4387016<\/span><\/p>\t\t\t\t\t\t\t\t<\/div>\n\t\t\t\t<\/div>\n\t\t\t\t<div class=\"elementor-element elementor-element-4bda1ae elementor-widget elementor-widget-heading\" data-id=\"4bda1ae\" data-element_type=\"widget\" data-e-type=\"widget\" data-widget_type=\"heading.default\">\n\t\t\t\t<div class=\"elementor-widget-container\">\n\t\t\t\t\t<h2 class=\"elementor-heading-title elementor-size-default\"><h2>Kontaktformular<\/h2><\/h2>\t\t\t\t<\/div>\n\t\t\t\t<\/div>\n\t\t\t\t<div class=\"elementor-element elementor-element-ee44f06 elementor-widget elementor-widget-text-editor\" data-id=\"ee44f06\" data-element_type=\"widget\" data-e-type=\"widget\" data-widget_type=\"text-editor.default\">\n\t\t\t\t<div class=\"elementor-widget-container\">\n\t\t\t\t\t\t\t\t\t<p>\n<div class=\"wpcf7 no-js\" id=\"wpcf7-f5-o1\" lang=\"de-DE\" dir=\"ltr\" data-wpcf7-id=\"5\">\n<div class=\"screen-reader-response\"><p role=\"status\" aria-live=\"polite\" aria-atomic=\"true\"><\/p> <ul><\/ul><\/div>\n<form action=\"\/index.php\/wp-json\/wp\/v2\/pages\/904#wpcf7-f5-o1\" method=\"post\" class=\"wpcf7-form init\" aria-label=\"Kontaktformular\" novalidate=\"novalidate\" data-status=\"init\">\n<fieldset class=\"hidden-fields-container\"><input type=\"hidden\" name=\"_wpcf7\" value=\"5\" \/><input type=\"hidden\" name=\"_wpcf7_version\" value=\"6.1.5\" \/><input type=\"hidden\" name=\"_wpcf7_locale\" value=\"de_DE\" \/><input type=\"hidden\" name=\"_wpcf7_unit_tag\" value=\"wpcf7-f5-o1\" \/><input type=\"hidden\" name=\"_wpcf7_container_post\" value=\"0\" \/><input type=\"hidden\" name=\"_wpcf7_posted_data_hash\" value=\"\" \/>\n<\/fieldset>\n<p><label> Ihr Name<br \/>\n<span class=\"wpcf7-form-control-wrap\" data-name=\"your-name\"><input size=\"40\" maxlength=\"400\" class=\"wpcf7-form-control wpcf7-text wpcf7-validates-as-required\" autocomplete=\"name\" aria-required=\"true\" aria-invalid=\"false\" value=\"\" type=\"text\" name=\"your-name\" \/><\/span> <\/label>\n<\/p>\n<p><label> Ihre E-Mail-Adresse<br \/>\n<span class=\"wpcf7-form-control-wrap\" data-name=\"your-email\"><input size=\"40\" maxlength=\"400\" class=\"wpcf7-form-control wpcf7-email wpcf7-validates-as-required wpcf7-text wpcf7-validates-as-email\" autocomplete=\"email\" aria-required=\"true\" aria-invalid=\"false\" value=\"\" type=\"email\" name=\"your-email\" \/><\/span> <\/label>\n<\/p>\n<p><label> Betreff<br \/>\n<span class=\"wpcf7-form-control-wrap\" data-name=\"your-subject\"><input size=\"40\" maxlength=\"400\" class=\"wpcf7-form-control wpcf7-text wpcf7-validates-as-required\" aria-required=\"true\" aria-invalid=\"false\" value=\"\" type=\"text\" name=\"your-subject\" \/><\/span> <\/label>\n<\/p>\n<p><label> Ihre Nachricht<br \/>\n<span class=\"wpcf7-form-control-wrap\" data-name=\"your-message\"><textarea cols=\"40\" rows=\"10\" maxlength=\"2000\" class=\"wpcf7-form-control wpcf7-textarea\" aria-invalid=\"false\" name=\"your-message\"><\/textarea><\/span> <\/label>\n<\/p>\n<p><input class=\"wpcf7-form-control wpcf7-submit has-spinner\" type=\"submit\" value=\"Senden\" \/>\n<\/p><p style=\"display: none !important;\" class=\"akismet-fields-container\" data-prefix=\"_wpcf7_ak_\"><label>&#916;<textarea name=\"_wpcf7_ak_hp_textarea\" cols=\"45\" rows=\"8\" maxlength=\"100\"><\/textarea><\/label><input type=\"hidden\" id=\"ak_js_1\" name=\"_wpcf7_ak_js\" value=\"174\"\/><script>document.getElementById( \"ak_js_1\" ).setAttribute( \"value\", ( new Date() ).getTime() );<\/script><\/p><div class=\"wpcf7-response-output\" aria-hidden=\"true\"><\/div>\n<\/form>\n<\/div>\n<\/span><\/p>\t\t\t\t\t\t\t\t<\/div>\n\t\t\t\t<\/div>\n\t\t\t\t<div class=\"elementor-element elementor-element-5d4d912 elementor-widget elementor-widget-spacer\" data-id=\"5d4d912\" data-element_type=\"widget\" data-e-type=\"widget\" data-widget_type=\"spacer.default\">\n\t\t\t\t<div class=\"elementor-widget-container\">\n\t\t\t\t\t\t\t<div class=\"elementor-spacer\">\n\t\t\t<div class=\"elementor-spacer-inner\"><\/div>\n\t\t<\/div>\n\t\t\t\t\t\t<\/div>\n\t\t\t\t<\/div>\n\t\t\t\t\t<\/div>\n\t\t<\/div>\n\t\t\t\t<div class=\"elementor-column elementor-col-50 elementor-top-column elementor-element elementor-element-ad944a7\" data-id=\"ad944a7\" data-element_type=\"column\" data-e-type=\"column\">\n\t\t\t<div class=\"elementor-widget-wrap elementor-element-populated\">\n\t\t\t\t\t\t<div class=\"elementor-element elementor-element-f865070 elementor-widget elementor-widget-spacer\" data-id=\"f865070\" data-element_type=\"widget\" data-e-type=\"widget\" data-widget_type=\"spacer.default\">\n\t\t\t\t<div class=\"elementor-widget-container\">\n\t\t\t\t\t\t\t<div class=\"elementor-spacer\">\n\t\t\t<div class=\"elementor-spacer-inner\"><\/div>\n\t\t<\/div>\n\t\t\t\t\t\t<\/div>\n\t\t\t\t<\/div>\n\t\t\t\t<div class=\"elementor-element elementor-element-80c22fd elementor-shape-rounded elementor-grid-0 e-grid-align-center elementor-widget elementor-widget-social-icons\" data-id=\"80c22fd\" data-element_type=\"widget\" data-e-type=\"widget\" data-widget_type=\"social-icons.default\">\n\t\t\t\t<div class=\"elementor-widget-container\">\n\t\t\t\t\t\t\t<div class=\"elementor-social-icons-wrapper elementor-grid\" role=\"list\">\n\t\t\t\t\t\t\t<span class=\"elementor-grid-item\" role=\"listitem\">\n\t\t\t\t\t<a class=\"elementor-icon elementor-social-icon elementor-social-icon-instagram elementor-animation-grow elementor-repeater-item-d9a9500\" href=\"https:\/\/www.instagram.com\/dirk_burkard_design\/\" target=\"_blank\">\n\t\t\t\t\t\t<span class=\"elementor-screen-only\">Instagram<\/span>\n\t\t\t\t\t\t<i aria-hidden=\"true\" class=\"fab fa-instagram\"><\/i>\t\t\t\t\t<\/a>\n\t\t\t\t<\/span>\n\t\t\t\t\t\t\t<span class=\"elementor-grid-item\" role=\"listitem\">\n\t\t\t\t\t<a class=\"elementor-icon elementor-social-icon elementor-social-icon-facebook-f elementor-animation-grow elementor-repeater-item-9c86cde\" href=\"https:\/\/www.facebook.com\/profile.php?id=100051072767614\" target=\"_blank\">\n\t\t\t\t\t\t<span class=\"elementor-screen-only\">Facebook-f<\/span>\n\t\t\t\t\t\t<i aria-hidden=\"true\" class=\"fab fa-facebook-f\"><\/i>\t\t\t\t\t<\/a>\n\t\t\t\t<\/span>\n\t\t\t\t\t\t\t<span class=\"elementor-grid-item\" role=\"listitem\">\n\t\t\t\t\t<a class=\"elementor-icon elementor-social-icon elementor-social-icon-xing elementor-animation-grow elementor-repeater-item-7f0e5c7\" href=\"https:\/\/www.xing.com\/profile\/Dirk_Burkard2\/cv\" target=\"_blank\">\n\t\t\t\t\t\t<span class=\"elementor-screen-only\">Xing<\/span>\n\t\t\t\t\t\t<i aria-hidden=\"true\" class=\"fab fa-xing\"><\/i>\t\t\t\t\t<\/a>\n\t\t\t\t<\/span>\n\t\t\t\t\t<\/div>\n\t\t\t\t\t\t<\/div>\n\t\t\t\t<\/div>\n\t\t\t\t<div class=\"elementor-element elementor-element-c18a22c elementor-widget elementor-widget-image\" data-id=\"c18a22c\" data-element_type=\"widget\" data-e-type=\"widget\" data-widget_type=\"image.default\">\n\t\t\t\t<div class=\"elementor-widget-container\">\n\t\t\t\t\t\t\t\t\t\t\t\t\t\t\t<img fetchpriority=\"high\" decoding=\"async\" width=\"483\" height=\"667\" src=\"https:\/\/dirkburkard.de\/wp-content\/uploads\/2023\/01\/Dirk_001.png\" class=\"attachment-medium_large size-medium_large wp-image-1689\" alt=\"\" srcset=\"https:\/\/dirkburkard.de\/wp-content\/uploads\/2023\/01\/Dirk_001.png 483w, https:\/\/dirkburkard.de\/wp-content\/uploads\/2023\/01\/Dirk_001-217x300.png 217w\" sizes=\"(max-width: 483px) 100vw, 483px\" \/>\t\t\t\t\t\t\t\t\t\t\t\t\t\t\t<\/div>\n\t\t\t\t<\/div>\n\t\t\t\t<div class=\"elementor-element elementor-element-dad5f16 elementor-widget elementor-widget-spacer\" data-id=\"dad5f16\" data-element_type=\"widget\" data-e-type=\"widget\" data-widget_type=\"spacer.default\">\n\t\t\t\t<div class=\"elementor-widget-container\">\n\t\t\t\t\t\t\t<div class=\"elementor-spacer\">\n\t\t\t<div class=\"elementor-spacer-inner\"><\/div>\n\t\t<\/div>\n\t\t\t\t\t\t<\/div>\n\t\t\t\t<\/div>\n\t\t\t\t\t<\/div>\n\t\t<\/div>\n\t\t\t\t\t<\/div>\n\t\t<\/section>\n\t\t\t\t<section class=\"elementor-section elementor-top-section elementor-element elementor-element-3fa2b103 elementor-section-full_width elementor-section-height-min-height elementor-section-height-default elementor-section-items-middle\" data-id=\"3fa2b103\" data-element_type=\"section\" data-e-type=\"section\" data-settings=\"{&quot;background_background&quot;:&quot;classic&quot;}\">\n\t\t\t\t\t\t<div class=\"elementor-container elementor-column-gap-default\">\n\t\t\t\t\t<div class=\"elementor-column elementor-col-100 elementor-top-column elementor-element elementor-element-6c64056d\" data-id=\"6c64056d\" data-element_type=\"column\" data-e-type=\"column\">\n\t\t\t<div class=\"elementor-widget-wrap\">\n\t\t\t\t\t\t\t<\/div>\n\t\t<\/div>\n\t\t\t\t\t<\/div>\n\t\t<\/section>\n\t\t\t\t<\/div>\n\t\t","protected":false},"excerpt":{"rendered":"<p>Kontakt Dirk Burkard info@dirkburkard.de +49 162 4387016 Kontaktformular Instagram Facebook-f Xing<\/p>\n","protected":false},"author":1,"featured_media":0,"parent":0,"menu_order":0,"comment_status":"closed","ping_status":"closed","template":"","meta":{"ocean_post_layout":"full-screen","ocean_both_sidebars_style":"","ocean_both_sidebars_content_width":0,"ocean_both_sidebars_sidebars_width":0,"ocean_sidebar":"0","ocean_second_sidebar":"0","ocean_disable_margins":"enable","ocean_add_body_class":"","ocean_shortcode_before_top_bar":"","ocean_shortcode_after_top_bar":"","ocean_shortcode_before_header":"","ocean_shortcode_after_header":"","ocean_has_shortcode":"","ocean_shortcode_after_title":"","ocean_shortcode_before_footer_widgets":"","ocean_shortcode_after_footer_widgets":"","ocean_shortcode_before_footer_bottom":"","ocean_shortcode_after_footer_bottom":"","ocean_display_top_bar":"off","ocean_display_header":"default","ocean_header_style":"","ocean_center_header_left_menu":"0","ocean_custom_header_template":"0","ocean_custom_logo":0,"ocean_custom_retina_logo":0,"ocean_custom_logo_max_width":0,"ocean_custom_logo_tablet_max_width":0,"ocean_custom_logo_mobile_max_width":0,"ocean_custom_logo_max_height":0,"ocean_custom_logo_tablet_max_height":0,"ocean_custom_logo_mobile_max_height":0,"ocean_header_custom_menu":"0","ocean_menu_typo_font_family":"0","ocean_menu_typo_font_subset":"","ocean_menu_typo_font_size":0,"ocean_menu_typo_font_size_tablet":0,"ocean_menu_typo_font_size_mobile":0,"ocean_menu_typo_font_size_unit":"px","ocean_menu_typo_font_weight":"","ocean_menu_typo_font_weight_tablet":"","ocean_menu_typo_font_weight_mobile":"","ocean_menu_typo_transform":"","ocean_menu_typo_transform_tablet":"","ocean_menu_typo_transform_mobile":"","ocean_menu_typo_line_height":0,"ocean_menu_typo_line_height_tablet":0,"ocean_menu_typo_line_height_mobile":0,"ocean_menu_typo_line_height_unit":"","ocean_menu_typo_spacing":0,"ocean_menu_typo_spacing_tablet":0,"ocean_menu_typo_spacing_mobile":0,"ocean_menu_typo_spacing_unit":"","ocean_menu_link_color":"","ocean_menu_link_color_hover":"","ocean_menu_link_color_active":"","ocean_menu_link_background":"","ocean_menu_link_hover_background":"","ocean_menu_link_active_background":"","ocean_menu_social_links_bg":"","ocean_menu_social_hover_links_bg":"","ocean_menu_social_links_color":"","ocean_menu_social_hover_links_color":"","ocean_disable_title":"on","ocean_disable_heading":"default","ocean_post_title":"","ocean_post_subheading":"","ocean_post_title_style":"","ocean_post_title_background_color":"","ocean_post_title_background":0,"ocean_post_title_bg_image_position":"","ocean_post_title_bg_image_attachment":"","ocean_post_title_bg_image_repeat":"","ocean_post_title_bg_image_size":"","ocean_post_title_height":0,"ocean_post_title_bg_overlay":0.5,"ocean_post_title_bg_overlay_color":"","ocean_disable_breadcrumbs":"default","ocean_breadcrumbs_color":"","ocean_breadcrumbs_separator_color":"","ocean_breadcrumbs_links_color":"","ocean_breadcrumbs_links_hover_color":"","ocean_display_footer_widgets":"default","ocean_display_footer_bottom":"default","ocean_custom_footer_template":"0","footnotes":""},"class_list":["post-904","page","type-page","status-publish","hentry","entry"],"yoast_head":"<!-- This site is optimized with the Yoast SEO plugin v24.9 - https:\/\/yoast.com\/wordpress\/plugins\/seo\/ -->\n<title>Kontakt | Dirk Burkard Design<\/title>\n<meta name=\"description\" content=\"Sie ben\u00f6tigen eine PowerPoint-Pr\u00e4sentation? Ich helfe Ihnen gerne - egal ob sich Ihr Firmensitz in Berlin, Hamburg, M\u00fcnchen, K\u00f6ln, Heidelberg oder Crailsheim befindet.\" \/>\n<meta name=\"robots\" content=\"index, follow, max-snippet:-1, max-image-preview:large, max-video-preview:-1\" \/>\n<link rel=\"canonical\" href=\"https:\/\/dirkburkard.de\/index.php\/kontakt\/\" \/>\n<meta property=\"og:locale\" content=\"de_DE\" \/>\n<meta property=\"og:type\" content=\"article\" \/>\n<meta property=\"og:title\" content=\"Kontakt | Dirk Burkard Design\" \/>\n<meta property=\"og:description\" content=\"Sie ben\u00f6tigen eine PowerPoint-Pr\u00e4sentation? Ich helfe Ihnen gerne - egal ob sich Ihr Firmensitz in Berlin, Hamburg, M\u00fcnchen, K\u00f6ln, Heidelberg oder Crailsheim befindet.\" \/>\n<meta property=\"og:url\" content=\"https:\/\/dirkburkard.de\/index.php\/kontakt\/\" \/>\n<meta property=\"og:site_name\" content=\"Dirk Burkard Design\" \/>\n<meta property=\"article:publisher\" content=\"https:\/\/www.facebook.com\/DirkBurkardDesign\" \/>\n<meta property=\"article:modified_time\" content=\"2023-04-09T17:50:51+00:00\" \/>\n<meta property=\"og:image\" content=\"https:\/\/dirkburkard.de\/wp-content\/uploads\/2023\/01\/Dirk_001.png\" \/>\n<meta name=\"twitter:card\" content=\"summary_large_image\" \/>\n<script type=\"application\/ld+json\" class=\"yoast-schema-graph\">{\"@context\":\"https:\/\/schema.org\",\"@graph\":[{\"@type\":\"WebPage\",\"@id\":\"https:\/\/dirkburkard.de\/index.php\/kontakt\/\",\"url\":\"https:\/\/dirkburkard.de\/index.php\/kontakt\/\",\"name\":\"Kontakt | Dirk Burkard Design\",\"isPartOf\":{\"@id\":\"https:\/\/dirkburkard.de\/#website\"},\"primaryImageOfPage\":{\"@id\":\"https:\/\/dirkburkard.de\/index.php\/kontakt\/#primaryimage\"},\"image\":{\"@id\":\"https:\/\/dirkburkard.de\/index.php\/kontakt\/#primaryimage\"},\"thumbnailUrl\":\"https:\/\/dirkburkard.de\/wp-content\/uploads\/2023\/01\/Dirk_001.png\",\"datePublished\":\"2023-01-09T17:45:20+00:00\",\"dateModified\":\"2023-04-09T17:50:51+00:00\",\"description\":\"Sie ben\u00f6tigen eine PowerPoint-Pr\u00e4sentation? Ich helfe Ihnen gerne - egal ob sich Ihr Firmensitz in Berlin, Hamburg, M\u00fcnchen, K\u00f6ln, Heidelberg oder Crailsheim befindet.\",\"breadcrumb\":{\"@id\":\"https:\/\/dirkburkard.de\/index.php\/kontakt\/#breadcrumb\"},\"inLanguage\":\"de\",\"potentialAction\":[{\"@type\":\"ReadAction\",\"target\":[\"https:\/\/dirkburkard.de\/index.php\/kontakt\/\"]}]},{\"@type\":\"ImageObject\",\"inLanguage\":\"de\",\"@id\":\"https:\/\/dirkburkard.de\/index.php\/kontakt\/#primaryimage\",\"url\":\"https:\/\/dirkburkard.de\/wp-content\/uploads\/2023\/01\/Dirk_001.png\",\"contentUrl\":\"https:\/\/dirkburkard.de\/wp-content\/uploads\/2023\/01\/Dirk_001.png\",\"width\":483,\"height\":667,\"caption\":\"Ihr Spezialist f\u00fcr PowerPoint-Pr\u00e4sentationen und weitere digitale Layouts.\"},{\"@type\":\"BreadcrumbList\",\"@id\":\"https:\/\/dirkburkard.de\/index.php\/kontakt\/#breadcrumb\",\"itemListElement\":[{\"@type\":\"ListItem\",\"position\":1,\"name\":\"Startseite\",\"item\":\"https:\/\/dirkburkard.de\/\"},{\"@type\":\"ListItem\",\"position\":2,\"name\":\"Kontakt\"}]},{\"@type\":\"WebSite\",\"@id\":\"https:\/\/dirkburkard.de\/#website\",\"url\":\"https:\/\/dirkburkard.de\/\",\"name\":\"Dirk Burkard Design\",\"description\":\"Erstellung individueller PowerPoint-Pr\u00e4sentationen f\u00fcr Ihr Unternehmen\",\"publisher\":{\"@id\":\"https:\/\/dirkburkard.de\/#organization\"},\"alternateName\":\"Dirk Burkard Design - Ihr Spezialist f\u00fcr PowerPoint-Pr\u00e4sentationen\",\"potentialAction\":[{\"@type\":\"SearchAction\",\"target\":{\"@type\":\"EntryPoint\",\"urlTemplate\":\"https:\/\/dirkburkard.de\/?s={search_term_string}\"},\"query-input\":{\"@type\":\"PropertyValueSpecification\",\"valueRequired\":true,\"valueName\":\"search_term_string\"}}],\"inLanguage\":\"de\"},{\"@type\":\"Organization\",\"@id\":\"https:\/\/dirkburkard.de\/#organization\",\"name\":\"Dirk Burkard Design\",\"alternateName\":\"Erstellung individueller PowerPoint-Pr\u00e4sentationen f\u00fcr Ihr Unternehmen\",\"url\":\"https:\/\/dirkburkard.de\/\",\"logo\":{\"@type\":\"ImageObject\",\"inLanguage\":\"de\",\"@id\":\"https:\/\/dirkburkard.de\/#\/schema\/logo\/image\/\",\"url\":\"https:\/\/dirkburkard.de\/wp-content\/uploads\/2023\/01\/cropped-Logo_transpartent_weiss_300px.png\",\"contentUrl\":\"https:\/\/dirkburkard.de\/wp-content\/uploads\/2023\/01\/cropped-Logo_transpartent_weiss_300px.png\",\"width\":255,\"height\":82,\"caption\":\"Dirk Burkard Design\"},\"image\":{\"@id\":\"https:\/\/dirkburkard.de\/#\/schema\/logo\/image\/\"},\"sameAs\":[\"https:\/\/www.facebook.com\/DirkBurkardDesign\",\"https:\/\/www.instagram.com\/dirk_burkard_design\/\"]}]}<\/script>\n<!-- \/ Yoast SEO plugin. -->","yoast_head_json":{"title":"Kontakt | Dirk Burkard Design","description":"Sie ben\u00f6tigen eine PowerPoint-Pr\u00e4sentation? Ich helfe Ihnen gerne - egal ob sich Ihr Firmensitz in Berlin, Hamburg, M\u00fcnchen, K\u00f6ln, Heidelberg oder Crailsheim befindet.","robots":{"index":"index","follow":"follow","max-snippet":"max-snippet:-1","max-image-preview":"max-image-preview:large","max-video-preview":"max-video-preview:-1"},"canonical":"https:\/\/dirkburkard.de\/index.php\/kontakt\/","og_locale":"de_DE","og_type":"article","og_title":"Kontakt | Dirk Burkard Design","og_description":"Sie ben\u00f6tigen eine PowerPoint-Pr\u00e4sentation? Ich helfe Ihnen gerne - egal ob sich Ihr Firmensitz in Berlin, Hamburg, M\u00fcnchen, K\u00f6ln, Heidelberg oder Crailsheim befindet.","og_url":"https:\/\/dirkburkard.de\/index.php\/kontakt\/","og_site_name":"Dirk Burkard Design","article_publisher":"https:\/\/www.facebook.com\/DirkBurkardDesign","article_modified_time":"2023-04-09T17:50:51+00:00","og_image":[{"url":"https:\/\/dirkburkard.de\/wp-content\/uploads\/2023\/01\/Dirk_001.png","type":"","width":"","height":""}],"twitter_card":"summary_large_image","schema":{"@context":"https:\/\/schema.org","@graph":[{"@type":"WebPage","@id":"https:\/\/dirkburkard.de\/index.php\/kontakt\/","url":"https:\/\/dirkburkard.de\/index.php\/kontakt\/","name":"Kontakt | Dirk Burkard Design","isPartOf":{"@id":"https:\/\/dirkburkard.de\/#website"},"primaryImageOfPage":{"@id":"https:\/\/dirkburkard.de\/index.php\/kontakt\/#primaryimage"},"image":{"@id":"https:\/\/dirkburkard.de\/index.php\/kontakt\/#primaryimage"},"thumbnailUrl":"https:\/\/dirkburkard.de\/wp-content\/uploads\/2023\/01\/Dirk_001.png","datePublished":"2023-01-09T17:45:20+00:00","dateModified":"2023-04-09T17:50:51+00:00","description":"Sie ben\u00f6tigen eine PowerPoint-Pr\u00e4sentation? Ich helfe Ihnen gerne - egal ob sich Ihr Firmensitz in Berlin, Hamburg, M\u00fcnchen, K\u00f6ln, Heidelberg oder Crailsheim befindet.","breadcrumb":{"@id":"https:\/\/dirkburkard.de\/index.php\/kontakt\/#breadcrumb"},"inLanguage":"de","potentialAction":[{"@type":"ReadAction","target":["https:\/\/dirkburkard.de\/index.php\/kontakt\/"]}]},{"@type":"ImageObject","inLanguage":"de","@id":"https:\/\/dirkburkard.de\/index.php\/kontakt\/#primaryimage","url":"https:\/\/dirkburkard.de\/wp-content\/uploads\/2023\/01\/Dirk_001.png","contentUrl":"https:\/\/dirkburkard.de\/wp-content\/uploads\/2023\/01\/Dirk_001.png","width":483,"height":667,"caption":"Ihr Spezialist f\u00fcr PowerPoint-Pr\u00e4sentationen und weitere digitale Layouts."},{"@type":"BreadcrumbList","@id":"https:\/\/dirkburkard.de\/index.php\/kontakt\/#breadcrumb","itemListElement":[{"@type":"ListItem","position":1,"name":"Startseite","item":"https:\/\/dirkburkard.de\/"},{"@type":"ListItem","position":2,"name":"Kontakt"}]},{"@type":"WebSite","@id":"https:\/\/dirkburkard.de\/#website","url":"https:\/\/dirkburkard.de\/","name":"Dirk Burkard Design","description":"Erstellung individueller PowerPoint-Pr\u00e4sentationen f\u00fcr Ihr Unternehmen","publisher":{"@id":"https:\/\/dirkburkard.de\/#organization"},"alternateName":"Dirk Burkard Design - Ihr Spezialist f\u00fcr PowerPoint-Pr\u00e4sentationen","potentialAction":[{"@type":"SearchAction","target":{"@type":"EntryPoint","urlTemplate":"https:\/\/dirkburkard.de\/?s={search_term_string}"},"query-input":{"@type":"PropertyValueSpecification","valueRequired":true,"valueName":"search_term_string"}}],"inLanguage":"de"},{"@type":"Organization","@id":"https:\/\/dirkburkard.de\/#organization","name":"Dirk Burkard Design","alternateName":"Erstellung individueller PowerPoint-Pr\u00e4sentationen f\u00fcr Ihr Unternehmen","url":"https:\/\/dirkburkard.de\/","logo":{"@type":"ImageObject","inLanguage":"de","@id":"https:\/\/dirkburkard.de\/#\/schema\/logo\/image\/","url":"https:\/\/dirkburkard.de\/wp-content\/uploads\/2023\/01\/cropped-Logo_transpartent_weiss_300px.png","contentUrl":"https:\/\/dirkburkard.de\/wp-content\/uploads\/2023\/01\/cropped-Logo_transpartent_weiss_300px.png","width":255,"height":82,"caption":"Dirk Burkard Design"},"image":{"@id":"https:\/\/dirkburkard.de\/#\/schema\/logo\/image\/"},"sameAs":["https:\/\/www.facebook.com\/DirkBurkardDesign","https:\/\/www.instagram.com\/dirk_burkard_design\/"]}]}},"_links":{"self":[{"href":"https:\/\/dirkburkard.de\/index.php\/wp-json\/wp\/v2\/pages\/904","targetHints":{"allow":["GET"]}}],"collection":[{"href":"https:\/\/dirkburkard.de\/index.php\/wp-json\/wp\/v2\/pages"}],"about":[{"href":"https:\/\/dirkburkard.de\/index.php\/wp-json\/wp\/v2\/types\/page"}],"author":[{"embeddable":true,"href":"https:\/\/dirkburkard.de\/index.php\/wp-json\/wp\/v2\/users\/1"}],"replies":[{"embeddable":true,"href":"https:\/\/dirkburkard.de\/index.php\/wp-json\/wp\/v2\/comments?post=904"}],"version-history":[{"count":69,"href":"https:\/\/dirkburkard.de\/index.php\/wp-json\/wp\/v2\/pages\/904\/revisions"}],"predecessor-version":[{"id":1801,"href":"https:\/\/dirkburkard.de\/index.php\/wp-json\/wp\/v2\/pages\/904\/revisions\/1801"}],"wp:attachment":[{"href":"https:\/\/dirkburkard.de\/index.php\/wp-json\/wp\/v2\/media?parent=904"}],"curies":[{"name":"wp","href":"https:\/\/api.w.org\/{rel}","templated":true}]}}